{"id":935,"date":"2024-08-23T15:02:50","date_gmt":"2024-08-23T15:02:50","guid":{"rendered":"https:\/\/kvarner-rentals.com\/o-nama\/"},"modified":"2024-09-02T10:16:58","modified_gmt":"2024-09-02T10:16:58","slug":"o-nama","status":"publish","type":"page","link":"https:\/\/kvarner-rentals.com\/hr\/o-nama\/","title":{"rendered":"O nama"},"content":{"rendered":"\t\t<div data-elementor-type=\"wp-page\" data-elementor-id=\"935\" class=\"elementor elementor-935 elementor-557\" data-elementor-post-type=\"page\">\n\t\t\t\t<div class=\"elementor-element elementor-element-482a99ac e-flex e-con-boxed e-con e-parent\" data-id=\"482a99ac\" data-element_type=\"container\" data-e-type=\"container\" data-settings=\"{&quot;background_background&quot;:&quot;classic&quot;}\">\n\t\t\t\t\t<div class=\"e-con-inner\">\n\t\t<div class=\"elementor-element elementor-element-e0b441e e-con-full e-flex e-con e-child\" data-id=\"e0b441e\" data-element_type=\"container\" data-e-type=\"container\">\n\t\t\t\t<div class=\"elementor-element elementor-element-60c5f2f2 elementor-invisible elementor-widget elementor-widget-heading\" data-id=\"60c5f2f2\" data-element_type=\"widget\" data-e-type=\"widget\" data-settings=\"{&quot;_animation&quot;:&quot;fadeIn&quot;}\" data-widget_type=\"heading.default\">\n\t\t\t\t<div class=\"elementor-widget-container\">\n\t\t\t\t\t<h2 class=\"elementor-heading-title elementor-size-default\">Za\u0161to nas odabrati?<\/h2>\t\t\t\t<\/div>\n\t\t\t\t<\/div>\n\t\t\t\t<div class=\"elementor-element elementor-element-49a50ec4 elementor-widget elementor-widget-text-editor\" data-id=\"49a50ec4\" data-element_type=\"widget\" data-e-type=\"widget\" data-widget_type=\"text-editor.default\">\n\t\t\t\t<div class=\"elementor-widget-container\">\n\t\t\t\t\t\t\t\t\t<p>Dobrodo\u0161li u na\u0161u ekskluzivnu kolekciju luksuznog smje\u0161taja na prekrasnoj Kvarnerskoj rivijeri. Ponosni smo vlasnici dviju izuzetnih vila i dva prostrana apartmana, smje\u0161tenih u \u0161armantnim primorskim mjestima Ika i I\u010di\u0107i, samo nekoliko koraka od slikovitog Lovrana i legendarne Opatije. <\/p>\n<p>Na\u0161e vile su oli\u010denje modernog luksuza, svaka ima privatni bazen i nudi prekrasan pogled na Kvarnerski zaljev. Pa\u017eljivo dizajniran i pomno opremljen, svaki detalj je uzet u obzir kako bi na\u0161im gostima pru\u017eio neusporedivo iskustvo udobnosti i elegancije. <\/p>\n<p>S desetlje\u0107ima profesionalnog iskustva u turisti\u010dkoj industriji i dubokom stra\u0161\u0107u prema ugostiteljstvu, posve\u0107eni smo stvaranju nezaboravnog boravka za na\u0161e goste. Kao vlasnici privatnog smje\u0161taja, usavr\u0161ili smo svoju stru\u010dnost u pru\u017eanju personalizirane usluge, osiguravaju\u0107i da se svaki posjetitelj osje\u0107a dobrodo\u0161lim i dobro zbrinutim. <\/p>\n<p>Bilo da tra\u017eite miran odmor ili aktivan odmor uz more, na\u0161e su nekretnine savr\u0161ena baza za istra\u017eivanje ljepote Kvarnera. Pozivamo vas da otkrijete jedinstveni \u0161arm na\u0161ih vila i apartmana, gdje se moderni sadr\u017eaji susre\u0107u s bezvremenskom privla\u010dno\u0161\u0107u jadranske obale. <\/p>\n<p>Pridru\u017eite nam se na nezaboravnom boravku, gdje su va\u0161a udobnost i zadovoljstvo na\u0161i glavni prioriteti.<\/p>\n\t\t\t\t\t\t\t\t<\/div>\n\t\t\t\t<\/div>\n\t\t\t\t<\/div>\n\t\t<div class=\"elementor-element elementor-element-1720218c e-con-full e-flex e-con e-child\" data-id=\"1720218c\" data-element_type=\"container\" data-e-type=\"container\">\n\t\t\t\t<div class=\"elementor-element elementor-element-45ed030e elementor-widget elementor-widget-image\" data-id=\"45ed030e\" data-element_type=\"widget\" data-e-type=\"widget\" data-widget_type=\"image.default\">\n\t\t\t\t<div class=\"elementor-widget-container\">\n\t\t\t\t\t\t\t\t\t\t\t\t\t\t\t<img fetchpriority=\"high\" decoding=\"async\" width=\"580\" height=\"577\" src=\"https:\/\/kvarner-rentals.com\/wp-content\/uploads\/2024\/08\/241802294_2712110685749053_6466136803745071916_n-e1723445552862.jpg\" class=\"attachment-large size-large wp-image-760\" alt=\"\" srcset=\"https:\/\/kvarner-rentals.com\/wp-content\/uploads\/2024\/08\/241802294_2712110685749053_6466136803745071916_n-e1723445552862.jpg 580w, https:\/\/kvarner-rentals.com\/wp-content\/uploads\/2024\/08\/241802294_2712110685749053_6466136803745071916_n-e1723445552862-300x298.jpg 300w, https:\/\/kvarner-rentals.com\/wp-content\/uploads\/2024\/08\/241802294_2712110685749053_6466136803745071916_n-e1723445552862-150x150.jpg 150w\" sizes=\"(max-width: 580px) 100vw, 580px\" \/>\t\t\t\t\t\t\t\t\t\t\t\t\t\t\t<\/div>\n\t\t\t\t<\/div>\n\t\t\t\t<div class=\"elementor-element elementor-element-5f53d3f elementor-invisible elementor-widget elementor-widget-link-in-bio-var-7\" data-id=\"5f53d3f\" data-element_type=\"widget\" data-e-type=\"widget\" data-settings=\"{&quot;_animation&quot;:&quot;fadeInDown&quot;}\" data-widget_type=\"link-in-bio-var-7.default\">\n\t\t\t\t<div class=\"elementor-widget-container\">\n\t\t\t\t\t\t\t<div class=\"e-link-in-bio e-link-in-bio-var-7\">\n\t\t\t<div class=\"e-link-in-bio__content\">\n\n\t\t\t\t\t\t\t<div class=\"e-link-in-bio__bio\">\n\t\t\t\t<h2 class=\"e-link-in-bio__heading\">Mirzet Jusufagi\u0107<\/h2>\t\t\t\t<h3 class=\"e-link-in-bio__title\">upravitelj i vlasnik nekretnine<\/h3>\t\t\t\t\t\t\t\t\t\t\t<\/div>\n\t\t\t\t\t<div class=\"e-link-in-bio__icons has-size-small\">\n\t\t\t\t\t\t\t<div class=\"e-link-in-bio__icon is-size-small\">\n\t\t\t\t\t<a aria-label=\"Telephone\" class=\"e-link-in-bio__icon-link\" href=\"tel:+385919204123%20\">\n\t\t\t\t\t\t<span class=\"e-link-in-bio__icon-svg\">\n\t\t\t\t\t\t\t<svg aria-hidden=\"true\" class=\"e-font-icon-svg e-fas-phone-alt\" viewBox=\"0 0 512 512\" xmlns=\"http:\/\/www.w3.org\/2000\/svg\"><path d=\"M497.39 361.8l-112-48a24 24 0 0 0-28 6.9l-49.6 60.6A370.66 370.66 0 0 1 130.6 204.11l60.6-49.6a23.94 23.94 0 0 0 6.9-28l-48-112A24.16 24.16 0 0 0 122.6.61l-104 24A24 24 0 0 0 0 48c0 256.5 207.9 464 464 464a24 24 0 0 0 23.4-18.6l24-104a24.29 24.29 0 0 0-14.01-27.6z\"><\/path><\/svg>\t\t\t\t\t\t<\/span>\n\t\t\t\t\t\t\t\t\t\t\t\t\t<span class=\"e-link-in-bio__icon-label\">\n\t\t\t\t\t\t\t\tPoziv\t\t\t\t\t\t\t<\/span>\n\t\t\t\t\t\t\t\t\t\t\t<\/a>\n\t\t\t\t<\/div>\n\t\t\t\t\t\t\t<div class=\"e-link-in-bio__icon is-size-small\">\n\t\t\t\t\t<a aria-label=\"Email\" class=\"e-link-in-bio__icon-link\" href=\"mailto:info@kvarner-rentals.com\">\n\t\t\t\t\t\t<span class=\"e-link-in-bio__icon-svg\">\n\t\t\t\t\t\t\t<svg aria-hidden=\"true\" class=\"e-font-icon-svg e-fas-envelope\" viewBox=\"0 0 512 512\" xmlns=\"http:\/\/www.w3.org\/2000\/svg\"><path d=\"M502.3 190.8c3.9-3.1 9.7-.2 9.7 4.7V400c0 26.5-21.5 48-48 48H48c-26.5 0-48-21.5-48-48V195.6c0-5 5.7-7.8 9.7-4.7 22.4 17.4 52.1 39.5 154.1 113.6 21.1 15.4 56.7 47.8 92.2 47.6 35.7.3 72-32.8 92.3-47.6 102-74.1 131.6-96.3 154-113.7zM256 320c23.2.4 56.6-29.2 73.4-41.4 132.7-96.3 142.8-104.7 173.4-128.7 5.8-4.5 9.2-11.5 9.2-18.9v-19c0-26.5-21.5-48-48-48H48C21.5 64 0 85.5 0 112v19c0 7.4 3.4 14.3 9.2 18.9 30.6 23.9 40.7 32.4 173.4 128.7 16.8 12.2 50.2 41.8 73.4 41.4z\"><\/path><\/svg>\t\t\t\t\t\t<\/span>\n\t\t\t\t\t\t\t\t\t\t\t\t\t<span class=\"e-link-in-bio__icon-label\">\n\t\t\t\t\t\t\t\tEmail\t\t\t\t\t\t\t<\/span>\n\t\t\t\t\t\t\t\t\t\t\t<\/a>\n\t\t\t\t<\/div>\n\t\t\t\t\t\t\t<div class=\"e-link-in-bio__icon is-size-small\">\n\t\t\t\t\t<a aria-label=\"WhatsApp\" class=\"e-link-in-bio__icon-link\" href=\"https:\/\/wa.me\/+385919204123%20\">\n\t\t\t\t\t\t<span class=\"e-link-in-bio__icon-svg\">\n\t\t\t\t\t\t\t<svg aria-hidden=\"true\" class=\"e-font-icon-svg e-fab-whatsapp\" viewBox=\"0 0 448 512\" xmlns=\"http:\/\/www.w3.org\/2000\/svg\"><path d=\"M380.9 97.1C339 55.1 283.2 32 223.9 32c-122.4 0-222 99.6-222 222 0 39.1 10.2 77.3 29.6 111L0 480l117.7-30.9c32.4 17.7 68.9 27 106.1 27h.1c122.3 0 224.1-99.6 224.1-222 0-59.3-25.2-115-67.1-157zm-157 341.6c-33.2 0-65.7-8.9-94-25.7l-6.7-4-69.8 18.3L72 359.2l-4.4-7c-18.5-29.4-28.2-63.3-28.2-98.2 0-101.7 82.8-184.5 184.6-184.5 49.3 0 95.6 19.2 130.4 54.1 34.8 34.9 56.2 81.2 56.1 130.5 0 101.8-84.9 184.6-186.6 184.6zm101.2-138.2c-5.5-2.8-32.8-16.2-37.9-18-5.1-1.9-8.8-2.8-12.5 2.8-3.7 5.6-14.3 18-17.6 21.8-3.2 3.7-6.5 4.2-12 1.4-32.6-16.3-54-29.1-75.5-66-5.7-9.8 5.7-9.1 16.3-30.3 1.8-3.7.9-6.9-.5-9.7-1.4-2.8-12.5-30.1-17.1-41.2-4.5-10.8-9.1-9.3-12.5-9.5-3.2-.2-6.9-.2-10.6-.2-3.7 0-9.7 1.4-14.8 6.9-5.1 5.6-19.4 19-19.4 46.3 0 27.3 19.9 53.7 22.6 57.4 2.8 3.7 39.1 59.7 94.8 83.8 35.2 15.2 49 16.5 66.6 13.9 10.7-1.6 32.8-13.4 37.4-26.4 4.6-13 4.6-24.1 3.2-26.4-1.3-2.5-5-3.9-10.5-6.6z\"><\/path><\/svg>\t\t\t\t\t\t<\/span>\n\t\t\t\t\t\t\t\t\t\t\t\t\t<span class=\"e-link-in-bio__icon-label\">\n\t\t\t\t\t\t\t\tWhatsApp\t\t\t\t\t\t\t<\/span>\n\t\t\t\t\t\t\t\t\t\t\t<\/a>\n\t\t\t\t<\/div>\n\t\t\t\t\t<\/div>\n\t\t\n\t\t<div class=\"e-link-in-bio__ctas has-type-button\">\n\t\t\t\t\t\t\t<a href=\"https:\/\/kvarner-rentals.com\/all-our-accomodation-units\/\" target=\"_blank\" rel=\"noopener \" class=\"e-link-in-bio__cta is-type-button has-corners-round\">\n\t\t\t\t\t\t\t\t\t\t<span class=\"e-link-in-bio__cta-text\">\n\t\t\t\t\t\tIstra\u017eite na\u0161e nekretnine\t\t\t\t\t<\/span>\n\t\t\t\t<\/a>\n\t\t\t\t\t<\/div>\n\t\t\t\t\t<div class=\"e-link-in-bio__bio e-link-in-bio__bio--footer\">\n\t\t\t\t<h3 class=\"e-link-in-bio__about-heading\">O meni<\/h3>\t\t\t\t<p class=\"e-link-in-bio__description\">Turizam i moja obitelj su ono \u0161to najvi\u0161e volim. Kod nas mo\u017eete o\u010dekivati toplu dobrodo\u0161licu i fantasti\u010dnu uslugu. <\/p>\t\t\t<\/div>\n\t\t\t\n\t\t\t<\/div>\n\t\t\t<div class=\"e-link-in-bio__bg\">\n\t\t\t\t<div class=\"e-link-in-bio__bg-overlay\"><\/div>\n\t\t\t<\/div>\n\t\t<\/div>\n\t\t\t\t\t\t<\/div>\n\t\t\t\t<\/div>\n\t\t\t\t<\/div>\n\t\t\t\t\t<\/div>\n\t\t\t\t<\/div>\n\t\t\t\t<section class=\"elementor-section elementor-top-section elementor-element elementor-element-a635852 elementor-section-boxed elementor-section-height-default elementor-section-height-default\" data-id=\"a635852\" data-element_type=\"section\" data-e-type=\"section\" data-settings=\"{&quot;background_background&quot;:&quot;slideshow&quot;,&quot;background_slideshow_gallery&quot;:[{&quot;id&quot;:153,&quot;url&quot;:&quot;https:\\\/\\\/kvarner-rentals.com\\\/wp-content\\\/uploads\\\/2024\\\/08\\\/stencil.blog-post-feature-opatija.jpg&quot;}],&quot;background_slideshow_loop&quot;:&quot;yes&quot;,&quot;background_slideshow_slide_duration&quot;:5000,&quot;background_slideshow_slide_transition&quot;:&quot;fade&quot;,&quot;background_slideshow_transition_duration&quot;:500}\">\n\t\t\t\t\t\t\t<div class=\"elementor-background-overlay\"><\/div>\n\t\t\t\t\t\t\t<div class=\"elementor-container elementor-column-gap-default\">\n\t\t\t\t\t<div class=\"elementor-column elementor-col-100 elementor-top-column elementor-element elementor-element-7e95b19\" data-id=\"7e95b19\" data-element_type=\"column\" data-e-type=\"column\">\n\t\t\t<div class=\"elementor-widget-wrap elementor-element-populated\">\n\t\t\t\t\t\t<div class=\"elementor-element elementor-element-4489d32 elementor-widget elementor-widget-image\" data-id=\"4489d32\" data-element_type=\"widget\" data-e-type=\"widget\" data-widget_type=\"image.default\">\n\t\t\t\t<div class=\"elementor-widget-container\">\n\t\t\t\t\t\t\t\t\t\t\t\t\t\t\t\t<a href=\"#\">\n\t\t\t\t\t\t\t<img decoding=\"async\" width=\"200\" height=\"100\" src=\"https:\/\/kvarner-rentals.com\/wp-content\/uploads\/2024\/08\/Logo-maker-project-13.png\" class=\"attachment-large size-large wp-image-680\" alt=\"\" \/>\t\t\t\t\t\t\t\t<\/a>\n\t\t\t\t\t\t\t\t\t\t\t\t\t\t\t<\/div>\n\t\t\t\t<\/div>\n\t\t\t\t<div class=\"elementor-element elementor-element-5810e78 elementor-shape-circle elementor-grid-0 e-grid-align-center elementor-widget elementor-widget-social-icons\" data-id=\"5810e78\" data-element_type=\"widget\" data-e-type=\"widget\" data-widget_type=\"social-icons.default\">\n\t\t\t\t<div class=\"elementor-widget-container\">\n\t\t\t\t\t\t\t<div class=\"elementor-social-icons-wrapper elementor-grid\" role=\"list\">\n\t\t\t\t\t\t\t<span class=\"elementor-grid-item\" role=\"listitem\">\n\t\t\t\t\t<a class=\"elementor-icon elementor-social-icon elementor-social-icon-facebook-f elementor-repeater-item-cca55ed\" href=\"#\">\n\t\t\t\t\t\t<span class=\"elementor-screen-only\">Facebook-f<\/span>\n\t\t\t\t\t\t<svg aria-hidden=\"true\" class=\"e-font-icon-svg e-fab-facebook-f\" viewBox=\"0 0 320 512\" xmlns=\"http:\/\/www.w3.org\/2000\/svg\"><path d=\"M279.14 288l14.22-92.66h-88.91v-60.13c0-25.35 12.42-50.06 52.24-50.06h40.42V6.26S260.43 0 225.36 0c-73.22 0-121.08 44.38-121.08 124.72v70.62H22.89V288h81.39v224h100.17V288z\"><\/path><\/svg>\t\t\t\t\t<\/a>\n\t\t\t\t<\/span>\n\t\t\t\t\t\t\t<span class=\"elementor-grid-item\" role=\"listitem\">\n\t\t\t\t\t<a class=\"elementor-icon elementor-social-icon elementor-social-icon-twitter elementor-repeater-item-014eb5b\" href=\"#\">\n\t\t\t\t\t\t<span class=\"elementor-screen-only\">Twitter<\/span>\n\t\t\t\t\t\t<svg aria-hidden=\"true\" class=\"e-font-icon-svg e-fab-twitter\" viewBox=\"0 0 512 512\" xmlns=\"http:\/\/www.w3.org\/2000\/svg\"><path d=\"M459.37 151.716c.325 4.548.325 9.097.325 13.645 0 138.72-105.583 298.558-298.558 298.558-59.452 0-114.68-17.219-161.137-47.106 8.447.974 16.568 1.299 25.34 1.299 49.055 0 94.213-16.568 130.274-44.832-46.132-.975-84.792-31.188-98.112-72.772 6.498.974 12.995 1.624 19.818 1.624 9.421 0 18.843-1.3 27.614-3.573-48.081-9.747-84.143-51.98-84.143-102.985v-1.299c13.969 7.797 30.214 12.67 47.431 13.319-28.264-18.843-46.781-51.005-46.781-87.391 0-19.492 5.197-37.36 14.294-52.954 51.655 63.675 129.3 105.258 216.365 109.807-1.624-7.797-2.599-15.918-2.599-24.04 0-57.828 46.782-104.934 104.934-104.934 30.213 0 57.502 12.67 76.67 33.137 23.715-4.548 46.456-13.32 66.599-25.34-7.798 24.366-24.366 44.833-46.132 57.827 21.117-2.273 41.584-8.122 60.426-16.243-14.292 20.791-32.161 39.308-52.628 54.253z\"><\/path><\/svg>\t\t\t\t\t<\/a>\n\t\t\t\t<\/span>\n\t\t\t\t\t\t\t<span class=\"elementor-grid-item\" role=\"listitem\">\n\t\t\t\t\t<a class=\"elementor-icon elementor-social-icon elementor-social-icon-instagram elementor-repeater-item-5f85dbd\" href=\"#\">\n\t\t\t\t\t\t<span class=\"elementor-screen-only\">Instagram<\/span>\n\t\t\t\t\t\t<svg aria-hidden=\"true\" class=\"e-font-icon-svg e-fab-instagram\" viewBox=\"0 0 448 512\" xmlns=\"http:\/\/www.w3.org\/2000\/svg\"><path d=\"M224.1 141c-63.6 0-114.9 51.3-114.9 114.9s51.3 114.9 114.9 114.9S339 319.5 339 255.9 287.7 141 224.1 141zm0 189.6c-41.1 0-74.7-33.5-74.7-74.7s33.5-74.7 74.7-74.7 74.7 33.5 74.7 74.7-33.6 74.7-74.7 74.7zm146.4-194.3c0 14.9-12 26.8-26.8 26.8-14.9 0-26.8-12-26.8-26.8s12-26.8 26.8-26.8 26.8 12 26.8 26.8zm76.1 27.2c-1.7-35.9-9.9-67.7-36.2-93.9-26.2-26.2-58-34.4-93.9-36.2-37-2.1-147.9-2.1-184.9 0-35.8 1.7-67.6 9.9-93.9 36.1s-34.4 58-36.2 93.9c-2.1 37-2.1 147.9 0 184.9 1.7 35.9 9.9 67.7 36.2 93.9s58 34.4 93.9 36.2c37 2.1 147.9 2.1 184.9 0 35.9-1.7 67.7-9.9 93.9-36.2 26.2-26.2 34.4-58 36.2-93.9 2.1-37 2.1-147.8 0-184.8zM398.8 388c-7.8 19.6-22.9 34.7-42.6 42.6-29.5 11.7-99.5 9-132.1 9s-102.7 2.6-132.1-9c-19.6-7.8-34.7-22.9-42.6-42.6-11.7-29.5-9-99.5-9-132.1s-2.6-102.7 9-132.1c7.8-19.6 22.9-34.7 42.6-42.6 29.5-11.7 99.5-9 132.1-9s102.7-2.6 132.1 9c19.6 7.8 34.7 22.9 42.6 42.6 11.7 29.5 9 99.5 9 132.1s2.7 102.7-9 132.1z\"><\/path><\/svg>\t\t\t\t\t<\/a>\n\t\t\t\t<\/span>\n\t\t\t\t\t<\/div>\n\t\t\t\t\t\t<\/div>\n\t\t\t\t<\/div>\n\t\t\t\t\t<\/div>\n\t\t<\/div>\n\t\t\t\t\t<\/div>\n\t\t<\/section>\n\t\t\t\t<\/div>\n\t\t","protected":false},"excerpt":{"rendered":"<p>Za\u0161to nas odabrati? Dobrodo\u0161li u na\u0161u ekskluzivnu kolekciju luksuznog smje\u0161taja na prekrasnoj Kvarnerskoj rivijeri. Ponosni smo vlasnici dviju izuzetnih vila i dva prostrana apartmana, smje\u0161tenih u \u0161armantnim primorskim mjestima Ika i I\u010di\u0107i, samo nekoliko koraka od slikovitog Lovrana i legendarne Opatije. Na\u0161e vile su oli\u010denje modernog luksuza, svaka ima privatni bazen i nudi prekrasan pogled [&hellip;]<\/p>\n","protected":false},"author":1,"featured_media":808,"parent":0,"menu_order":0,"comment_status":"closed","ping_status":"closed","template":"elementor_theme","meta":{"footnotes":""},"class_list":["post-935","page","type-page","status-publish","has-post-thumbnail","hentry"],"yoast_head":"<!-- This site is optimized with the Yoast SEO plugin v27.0 - https:\/\/yoast.com\/product\/yoast-seo-wordpress\/ -->\n<title>O nama - Kvarner rentals<\/title>\n<meta name=\"robots\" content=\"index, follow, max-snippet:-1, max-image-preview:large, max-video-preview:-1\" \/>\n<link rel=\"canonical\" href=\"https:\/\/kvarner-rentals.com\/hr\/o-nama\/\" \/>\n<meta property=\"og:locale\" content=\"hr_HR\" \/>\n<meta property=\"og:type\" content=\"article\" \/>\n<meta property=\"og:title\" content=\"O nama - Kvarner rentals\" \/>\n<meta property=\"og:description\" content=\"Za\u0161to nas odabrati? Dobrodo\u0161li u na\u0161u ekskluzivnu kolekciju luksuznog smje\u0161taja na prekrasnoj Kvarnerskoj rivijeri. Ponosni smo vlasnici dviju izuzetnih vila i dva prostrana apartmana, smje\u0161tenih u \u0161armantnim primorskim mjestima Ika i I\u010di\u0107i, samo nekoliko koraka od slikovitog Lovrana i legendarne Opatije. Na\u0161e vile su oli\u010denje modernog luksuza, svaka ima privatni bazen i nudi prekrasan pogled [&hellip;]\" \/>\n<meta property=\"og:url\" content=\"https:\/\/kvarner-rentals.com\/hr\/o-nama\/\" \/>\n<meta property=\"og:site_name\" content=\"Kvarner rentals\" \/>\n<meta property=\"article:modified_time\" content=\"2024-09-02T10:16:58+00:00\" \/>\n<meta property=\"og:image\" content=\"https:\/\/kvarner-rentals.com\/wp-content\/uploads\/2024\/08\/485695688-1-1.jpg\" \/>\n\t<meta property=\"og:image:width\" content=\"1022\" \/>\n\t<meta property=\"og:image:height\" content=\"768\" \/>\n\t<meta property=\"og:image:type\" content=\"image\/jpeg\" \/>\n<meta name=\"twitter:card\" content=\"summary_large_image\" \/>\n<meta name=\"twitter:label1\" content=\"Procijenjeno vrijeme \u010ditanja\" \/>\n\t<meta name=\"twitter:data1\" content=\"1 minuta\" \/>\n<script type=\"application\/ld+json\" class=\"yoast-schema-graph\">{\"@context\":\"https:\/\/schema.org\",\"@graph\":[{\"@type\":\"WebPage\",\"@id\":\"https:\/\/kvarner-rentals.com\/hr\/o-nama\/\",\"url\":\"https:\/\/kvarner-rentals.com\/hr\/o-nama\/\",\"name\":\"O nama - Kvarner rentals\",\"isPartOf\":{\"@id\":\"https:\/\/kvarner-rentals.com\/#website\"},\"primaryImageOfPage\":{\"@id\":\"https:\/\/kvarner-rentals.com\/hr\/o-nama\/#primaryimage\"},\"image\":{\"@id\":\"https:\/\/kvarner-rentals.com\/hr\/o-nama\/#primaryimage\"},\"thumbnailUrl\":\"https:\/\/kvarner-rentals.com\/wp-content\/uploads\/2024\/08\/485695688-1-1.jpg\",\"datePublished\":\"2024-08-23T15:02:50+00:00\",\"dateModified\":\"2024-09-02T10:16:58+00:00\",\"breadcrumb\":{\"@id\":\"https:\/\/kvarner-rentals.com\/hr\/o-nama\/#breadcrumb\"},\"inLanguage\":\"hr\",\"potentialAction\":[{\"@type\":\"ReadAction\",\"target\":[\"https:\/\/kvarner-rentals.com\/hr\/o-nama\/\"]}]},{\"@type\":\"ImageObject\",\"inLanguage\":\"hr\",\"@id\":\"https:\/\/kvarner-rentals.com\/hr\/o-nama\/#primaryimage\",\"url\":\"https:\/\/kvarner-rentals.com\/wp-content\/uploads\/2024\/08\/485695688-1-1.jpg\",\"contentUrl\":\"https:\/\/kvarner-rentals.com\/wp-content\/uploads\/2024\/08\/485695688-1-1.jpg\",\"width\":1022,\"height\":768},{\"@type\":\"BreadcrumbList\",\"@id\":\"https:\/\/kvarner-rentals.com\/hr\/o-nama\/#breadcrumb\",\"itemListElement\":[{\"@type\":\"ListItem\",\"position\":1,\"name\":\"Home\",\"item\":\"https:\/\/kvarner-rentals.com\/hr\/\"},{\"@type\":\"ListItem\",\"position\":2,\"name\":\"O nama\"}]},{\"@type\":\"WebSite\",\"@id\":\"https:\/\/kvarner-rentals.com\/#website\",\"url\":\"https:\/\/kvarner-rentals.com\/\",\"name\":\"Kvarner rentals\",\"description\":\"\",\"publisher\":{\"@id\":\"https:\/\/kvarner-rentals.com\/#organization\"},\"potentialAction\":[{\"@type\":\"SearchAction\",\"target\":{\"@type\":\"EntryPoint\",\"urlTemplate\":\"https:\/\/kvarner-rentals.com\/?s={search_term_string}\"},\"query-input\":{\"@type\":\"PropertyValueSpecification\",\"valueRequired\":true,\"valueName\":\"search_term_string\"}}],\"inLanguage\":\"hr\"},{\"@type\":\"Organization\",\"@id\":\"https:\/\/kvarner-rentals.com\/#organization\",\"name\":\"Kvarner rentals\",\"url\":\"https:\/\/kvarner-rentals.com\/\",\"logo\":{\"@type\":\"ImageObject\",\"inLanguage\":\"hr\",\"@id\":\"https:\/\/kvarner-rentals.com\/#\/schema\/logo\/image\/\",\"url\":\"https:\/\/kvarner-rentals.com\/wp-content\/uploads\/2024\/08\/Logo-maker-project-13.png\",\"contentUrl\":\"https:\/\/kvarner-rentals.com\/wp-content\/uploads\/2024\/08\/Logo-maker-project-13.png\",\"width\":200,\"height\":100,\"caption\":\"Kvarner rentals\"},\"image\":{\"@id\":\"https:\/\/kvarner-rentals.com\/#\/schema\/logo\/image\/\"}}]}<\/script>\n<!-- \/ Yoast SEO plugin. -->","yoast_head_json":{"title":"O nama - Kvarner rentals","robots":{"index":"index","follow":"follow","max-snippet":"max-snippet:-1","max-image-preview":"max-image-preview:large","max-video-preview":"max-video-preview:-1"},"canonical":"https:\/\/kvarner-rentals.com\/hr\/o-nama\/","og_locale":"hr_HR","og_type":"article","og_title":"O nama - Kvarner rentals","og_description":"Za\u0161to nas odabrati? Dobrodo\u0161li u na\u0161u ekskluzivnu kolekciju luksuznog smje\u0161taja na prekrasnoj Kvarnerskoj rivijeri. Ponosni smo vlasnici dviju izuzetnih vila i dva prostrana apartmana, smje\u0161tenih u \u0161armantnim primorskim mjestima Ika i I\u010di\u0107i, samo nekoliko koraka od slikovitog Lovrana i legendarne Opatije. Na\u0161e vile su oli\u010denje modernog luksuza, svaka ima privatni bazen i nudi prekrasan pogled [&hellip;]","og_url":"https:\/\/kvarner-rentals.com\/hr\/o-nama\/","og_site_name":"Kvarner rentals","article_modified_time":"2024-09-02T10:16:58+00:00","og_image":[{"width":1022,"height":768,"url":"https:\/\/kvarner-rentals.com\/wp-content\/uploads\/2024\/08\/485695688-1-1.jpg","type":"image\/jpeg"}],"twitter_card":"summary_large_image","twitter_misc":{"Procijenjeno vrijeme \u010ditanja":"1 minuta"},"schema":{"@context":"https:\/\/schema.org","@graph":[{"@type":"WebPage","@id":"https:\/\/kvarner-rentals.com\/hr\/o-nama\/","url":"https:\/\/kvarner-rentals.com\/hr\/o-nama\/","name":"O nama - Kvarner rentals","isPartOf":{"@id":"https:\/\/kvarner-rentals.com\/#website"},"primaryImageOfPage":{"@id":"https:\/\/kvarner-rentals.com\/hr\/o-nama\/#primaryimage"},"image":{"@id":"https:\/\/kvarner-rentals.com\/hr\/o-nama\/#primaryimage"},"thumbnailUrl":"https:\/\/kvarner-rentals.com\/wp-content\/uploads\/2024\/08\/485695688-1-1.jpg","datePublished":"2024-08-23T15:02:50+00:00","dateModified":"2024-09-02T10:16:58+00:00","breadcrumb":{"@id":"https:\/\/kvarner-rentals.com\/hr\/o-nama\/#breadcrumb"},"inLanguage":"hr","potentialAction":[{"@type":"ReadAction","target":["https:\/\/kvarner-rentals.com\/hr\/o-nama\/"]}]},{"@type":"ImageObject","inLanguage":"hr","@id":"https:\/\/kvarner-rentals.com\/hr\/o-nama\/#primaryimage","url":"https:\/\/kvarner-rentals.com\/wp-content\/uploads\/2024\/08\/485695688-1-1.jpg","contentUrl":"https:\/\/kvarner-rentals.com\/wp-content\/uploads\/2024\/08\/485695688-1-1.jpg","width":1022,"height":768},{"@type":"BreadcrumbList","@id":"https:\/\/kvarner-rentals.com\/hr\/o-nama\/#breadcrumb","itemListElement":[{"@type":"ListItem","position":1,"name":"Home","item":"https:\/\/kvarner-rentals.com\/hr\/"},{"@type":"ListItem","position":2,"name":"O nama"}]},{"@type":"WebSite","@id":"https:\/\/kvarner-rentals.com\/#website","url":"https:\/\/kvarner-rentals.com\/","name":"Kvarner rentals","description":"","publisher":{"@id":"https:\/\/kvarner-rentals.com\/#organization"},"potentialAction":[{"@type":"SearchAction","target":{"@type":"EntryPoint","urlTemplate":"https:\/\/kvarner-rentals.com\/?s={search_term_string}"},"query-input":{"@type":"PropertyValueSpecification","valueRequired":true,"valueName":"search_term_string"}}],"inLanguage":"hr"},{"@type":"Organization","@id":"https:\/\/kvarner-rentals.com\/#organization","name":"Kvarner rentals","url":"https:\/\/kvarner-rentals.com\/","logo":{"@type":"ImageObject","inLanguage":"hr","@id":"https:\/\/kvarner-rentals.com\/#\/schema\/logo\/image\/","url":"https:\/\/kvarner-rentals.com\/wp-content\/uploads\/2024\/08\/Logo-maker-project-13.png","contentUrl":"https:\/\/kvarner-rentals.com\/wp-content\/uploads\/2024\/08\/Logo-maker-project-13.png","width":200,"height":100,"caption":"Kvarner rentals"},"image":{"@id":"https:\/\/kvarner-rentals.com\/#\/schema\/logo\/image\/"}}]}},"_links":{"self":[{"href":"https:\/\/kvarner-rentals.com\/hr\/wp-json\/wp\/v2\/pages\/935","targetHints":{"allow":["GET"]}}],"collection":[{"href":"https:\/\/kvarner-rentals.com\/hr\/wp-json\/wp\/v2\/pages"}],"about":[{"href":"https:\/\/kvarner-rentals.com\/hr\/wp-json\/wp\/v2\/types\/page"}],"author":[{"embeddable":true,"href":"https:\/\/kvarner-rentals.com\/hr\/wp-json\/wp\/v2\/users\/1"}],"replies":[{"embeddable":true,"href":"https:\/\/kvarner-rentals.com\/hr\/wp-json\/wp\/v2\/comments?post=935"}],"version-history":[{"count":0,"href":"https:\/\/kvarner-rentals.com\/hr\/wp-json\/wp\/v2\/pages\/935\/revisions"}],"wp:featuredmedia":[{"embeddable":true,"href":"https:\/\/kvarner-rentals.com\/hr\/wp-json\/wp\/v2\/media\/808"}],"wp:attachment":[{"href":"https:\/\/kvarner-rentals.com\/hr\/wp-json\/wp\/v2\/media?parent=935"}],"curies":[{"name":"wp","href":"https:\/\/api.w.org\/{rel}","templated":true}]}}